{"id":2089,"date":"2025-04-15T12:50:11","date_gmt":"2025-04-15T12:50:11","guid":{"rendered":"https:\/\/store.becoartes.com\/home-2\/"},"modified":"2025-09-13T08:28:35","modified_gmt":"2025-09-13T13:28:35","slug":"home-2","status":"publish","type":"page","link":"https:\/\/store.becoartes.com\/pt\/","title":{"rendered":"Home"},"content":{"rendered":"<div class=\"wp-block-uagb-container uagb-layout-grid uagb-block-9e299122 alignfull uagb-is-root-container\"><div class=\"uagb-container-inner-blocks-wrap\">\n<div class=\"wp-block-uagb-info-box uagb-block-bd36c495 uagb-infobox__content-wrap  uagb-infobox-icon-above-title uagb-infobox-image-valign-top\"><div class=\"uagb-ifb-content\"><div class=\"uagb-ifb-separator\"><\/div><div class=\"uagb-ifb-title-wrap\"><h5 class=\"uagb-ifb-title-prefix\">Streetwear Becoartes<\/h5><h1 class=\"uagb-ifb-title\"><strong>Vista arte<\/strong><br>Entregamos no mundo todo!<\/h1><\/div><p class=\"uagb-ifb-desc\">As estampas, as cores, o tra\u00e7o do streetwear do Becoartes \u2013 <br>agora no seu corpo, onde quer que voc\u00ea esteja.<br><br>Essa \u00e9 a cole\u00e7\u00e3o oficial Becoartes. Original, urbana e com alma brasileira.<br><br>Do Beco do Batman, Brasil. Pro mundo todo!<\/p><div class=\"uagb-ifb-button-wrapper wp-block-button\"><a href=\"#\" class=\"uagb-infobox-cta-link wp-block-button__link\" target=\"_self\" rel=\"noopener noreferrer\" onclick=\"return false;\"><span class=\"uagb-inline-editing\">Get Started<\/span><svg xmlns=\"https:\/\/www.w3.org\/2000\/svg\" viewbox=\"0 0 256 512\"><path d=\"M64 448c-8.188 0-16.38-3.125-22.62-9.375c-12.5-12.5-12.5-32.75 0-45.25L178.8 256L41.38 118.6c-12.5-12.5-12.5-32.75 0-45.25s32.75-12.5 45.25 0l160 160c12.5 12.5 12.5 32.75 0 45.25l-160 160C80.38 444.9 72.19 448 64 448z\"><\/path><\/svg><\/a><\/div><\/div><\/div>\n\n\n\n<div class=\"wp-block-uagb-image aligncenter uagb-block-6b6a1861 wp-block-uagb-image--layout-default wp-block-uagb-image--effect-static wp-block-uagb-image--align-center\"><figure class=\"wp-block-uagb-image__figure\"><img decoding=\"async\" srcset=\"https:\/\/store.becoartes.com\/wp-content\/uploads\/2025\/04\/9eb068f1-221b-4558-ae96-2136b1796b39-833x1024.png ,https:\/\/store.becoartes.com\/wp-content\/uploads\/2025\/04\/9eb068f1-221b-4558-ae96-2136b1796b39.png 780w, https:\/\/store.becoartes.com\/wp-content\/uploads\/2025\/04\/9eb068f1-221b-4558-ae96-2136b1796b39.png 360w\" sizes=\"auto, (max-width: 480px) 150px\" src=\"https:\/\/store.becoartes.com\/wp-content\/uploads\/2025\/04\/9eb068f1-221b-4558-ae96-2136b1796b39-833x1024.png\" alt=\"\" class=\"uag-image-3659\" width=\"538\" height=\"614\" title=\"becoartes streetwear\" loading=\"lazy\" role=\"img\"\/><\/figure><\/div>\n<\/div><\/div>\n\n\n\n<div class=\"wp-block-uagb-container uagb-block-08cef606 alignfull uagb-is-root-container\"><div class=\"uagb-container-inner-blocks-wrap\">\n<div class=\"wp-block-uagb-info-box uagb-block-1228455c uagb-infobox__content-wrap  uagb-infobox-icon-above-title uagb-infobox-image-valign-top\"><div class=\"uagb-ifb-content\"><div class=\"uagb-ifb-image-content\"><img decoding=\"async\" src=\"http:\/\/store.becoartes.com\/wp-content\/uploads\/2020\/01\/image-01.jpg\" alt=\"\" width=\"550\" height=\"604\" loading=\"lazy\"\/><\/div><div class=\"uagb-ifb-title-wrap\"><span class=\"uagb-ifb-title-prefix\">Most Loved Designs<\/span><h5 class=\"uagb-ifb-title\">Customize Your T-Shirts<\/h5><\/div><\/div><\/div>\n\n\n\n<div class=\"wp-block-uagb-info-box uagb-block-2229438b uagb-infobox__content-wrap  uagb-infobox-icon-below-title uagb-infobox-image-valign-top\"><div class=\"uagb-ifb-content\"><div class=\"uagb-ifb-title-wrap\"><span class=\"uagb-ifb-title-prefix\">Design of the Week<\/span><h5 class=\"uagb-ifb-title\">Rubber Print Your T-Shirt<\/h5><\/div><div class=\"uagb-ifb-image-content\"><img decoding=\"async\" src=\"http:\/\/store.becoartes.com\/wp-content\/uploads\/2020\/01\/image-03.jpg\" alt=\"\" width=\"550\" height=\"604\" loading=\"lazy\"\/><\/div><\/div><\/div>\n\n\n\n<div class=\"wp-block-uagb-info-box uagb-block-c8949611 uagb-infobox__content-wrap  uagb-infobox-icon-above-title uagb-infobox-image-valign-top\"><div class=\"uagb-ifb-content\"><div class=\"uagb-ifb-image-content\"><img decoding=\"async\" src=\"http:\/\/store.becoartes.com\/wp-content\/uploads\/2020\/01\/image-02.jpg\" alt=\"\" width=\"550\" height=\"604\" loading=\"lazy\"\/><\/div><div class=\"uagb-ifb-title-wrap\"><span class=\"uagb-ifb-title-prefix\">New T-shirt Edition<\/span><h5 class=\"uagb-ifb-title\">Customize Plain Colors<\/h5><\/div><\/div><\/div>\n<\/div><\/div>\n\n\n\n<div class=\"wp-block-uagb-container uagb-block-a2b1c335 alignfull uagb-is-root-container\"><div class=\"uagb-container-inner-blocks-wrap\">\n<div class=\"wp-block-uagb-advanced-heading uagb-block-38d557ea\"><h3 class=\"uagb-heading-text\">Our Featured Products<\/h3><div class=\"uagb-separator\"><\/div><\/div>\n\n\n<div class=\"woocommerce columns-4\"><\/div>\n<\/div><\/div>\n\n\n\n<div class=\"wp-block-uagb-container uagb-block-5ea35ddd alignfull uagb-is-root-container\">\n<div class=\"wp-block-uagb-advanced-heading uagb-block-6dc54e0d\"><h3 class=\"uagb-heading-text\">Conhe\u00e7a nossa cole\u00e7\u00e3o<\/h3><\/div>\n\n\n\n<div class=\"wp-block-columns is-layout-flex wp-container-core-columns-is-layout-1 wp-block-columns-is-layout-flex\">\n<div class=\"wp-block-column is-layout-flow wp-block-column-is-layout-flow\" style=\"flex-basis:100%\">\n<div class=\"wp-block-uagb-info-box uagb-block-25f65de6 uagb-infobox__content-wrap  uagb-infobox-icon-above-title uagb-infobox-image-valign-top\"><div class=\"uagb-ifb-content\"><div class=\"uagb-ifb-title-wrap\"><h2 class=\"uagb-ifb-title-prefix\">Aproveite a promo <br>do dia!<\/h2><h5 class=\"uagb-ifb-title\">Leve essa camiseta com 10% de desconto<br>Use cupom BECO99<\/h5><\/div><div class=\"uagb-ifb-button-wrapper wp-block-button\"><a href=\"#\" class=\"uagb-infobox-cta-link wp-block-button__link\" target=\"_self\" rel=\"noopener noreferrer\" onclick=\"return false;\"><span class=\"uagb-inline-editing\">Shop Now<\/span><svg xmlns=\"https:\/\/www.w3.org\/2000\/svg\" viewbox=\"0 0 256 512\"><path d=\"M64 448c-8.188 0-16.38-3.125-22.62-9.375c-12.5-12.5-12.5-32.75 0-45.25L178.8 256L41.38 118.6c-12.5-12.5-12.5-32.75 0-45.25s32.75-12.5 45.25 0l160 160c12.5 12.5 12.5 32.75 0 45.25l-160 160C80.38 444.9 72.19 448 64 448z\"><\/path><\/svg><\/a><\/div><\/div><\/div>\n<\/div>\n<\/div>\n<\/div>\n\n\n\n<div class=\"wp-block-uagb-container uagb-block-2ad67de5 alignfull uagb-is-root-container\"><div class=\"uagb-container-inner-blocks-wrap\">\n<div class=\"wp-block-uagb-advanced-heading uagb-block-c9e149af\"><h3 class=\"uagb-heading-text\">Most Loved Products<\/h3><div class=\"uagb-separator\"><\/div><\/div>\n\n\n<div class=\"woocommerce columns-4\"><\/div>\n<\/div><\/div>\n\n\n\n<div class=\"wp-block-uagb-container uagb-block-1bc04e8a alignfull uagb-is-root-container\">\n<div class=\"wp-block-uagb-image uagb-block-de9386eb wp-block-uagb-image--layout-default wp-block-uagb-image--effect-static wp-block-uagb-image--align-none\"><figure class=\"wp-block-uagb-image__figure\"><img decoding=\"async\" srcset=\"https:\/\/store.becoartes.com\/wp-content\/uploads\/2022\/06\/graphic05-free-img.png \" sizes=\"auto, (max-width: 480px) 150px\" src=\"https:\/\/store.becoartes.com\/wp-content\/uploads\/2022\/06\/graphic05-free-img.png\" alt=\"\" class=\"uag-image-2571\" width=\"1929\" height=\"79\" title=\"\" loading=\"lazy\" role=\"img\"\/><\/figure><\/div>\n<\/div>\n\n\n\n<div class=\"wp-block-uagb-container uagb-block-e4916f1c alignfull uagb-is-root-container\"><div class=\"uagb-container-inner-blocks-wrap\">\n<div class=\"wp-block-uagb-advanced-heading uagb-block-0ff44f3b\"><h2 class=\"uagb-heading-text\">Our Happy Clients!<\/h2><div class=\"uagb-separator\"><\/div><\/div>\n\n\n\n<div class=\"wp-block-uagb-container uagb-block-673f6834\">\n<div class=\"wp-block-uagb-container uagb-block-079ba51d\">\n<div class=\"wp-block-uagb-star-rating uagb-block-874090fb\"><div class=\"uag-star-rating\" title=\"5\/5\"><span class=\"uag-star\">\u2605<\/span><span class=\"uag-star\">\u2605<\/span><span class=\"uag-star\">\u2605<\/span><span class=\"uag-star\">\u2605<\/span><span class=\"uag-star\">\u2605<\/span><\/div><\/div>\n\n\n\n<div class=\"wp-block-uagb-testimonial uagb-slick-carousel uagb-tm__arrow-outside uagb-block-1c420dfc uagb-post__carousel_equal-height uagb-post__carousel_notset uagb-post__carousel_notset-tablet uagb-post__carousel_notset-mobile\"><div class=\"is-carousel uagb-tm__columns-1 uagb-tm__items\"><div class=\"uagb-testimonial__wrap  uagb-tm__imgicon-style-circle uagb-tm__image-position-bottom uagb-tm__bg-type-none\"><div class=\"uagb-tm__content\"><div class=\"uagb-tm__overlay\"><\/div><div class=\"uagb-tm__text-wrap\"><div class=\"uagb-tm__desc\">&#8220;Lectus, nonummy et. Occaecat delectus erat, minima dapibus ornare nunc, autem.&#8221;<\/div><div class=\"uagb-tm__meta-inner\"><div class=\"uagb-tm__image-content\"><div class=\"uagb-tm__image\"><img decoding=\"async\" class=\"uagb-tm-img-src\" src=\"http:\/\/store.becoartes.com\/wp-content\/uploads\/2020\/08\/review-1.png\" alt=\"\" width=\"60\" height=\"62\" loading=\"lazy\"\/><\/div><\/div><div class=\"uagb-testimonial-details\"><span class=\"uagb-tm__author-name\">Diana Burnwood<\/span><span class=\"uagb-tm__company\"><\/span><\/div><\/div><\/div><\/div><\/div><\/div><\/div>\n<\/div>\n\n\n\n<div class=\"wp-block-uagb-container uagb-block-e38aafaf\">\n<div class=\"wp-block-uagb-star-rating uagb-block-885190f1\"><div class=\"uag-star-rating\" title=\"5\/5\"><span class=\"uag-star\">\u2605<\/span><span class=\"uag-star\">\u2605<\/span><span class=\"uag-star\">\u2605<\/span><span class=\"uag-star\">\u2605<\/span><span class=\"uag-star\">\u2605<\/span><\/div><\/div>\n\n\n\n<div class=\"wp-block-uagb-testimonial uagb-slick-carousel uagb-tm__arrow-outside uagb-block-1ebd9173 uagb-post__carousel_equal-height uagb-post__carousel_notset uagb-post__carousel_notset-tablet uagb-post__carousel_notset-mobile\"><div class=\"is-carousel uagb-tm__columns-1 uagb-tm__items\"><div class=\"uagb-testimonial__wrap  uagb-tm__imgicon-style-circle uagb-tm__image-position-bottom uagb-tm__bg-type-none\"><div class=\"uagb-tm__content\"><div class=\"uagb-tm__overlay\"><\/div><div class=\"uagb-tm__text-wrap\"><div class=\"uagb-tm__desc\">&#8220;Lectus, nonummy et. Occaecat delectus erat, minima dapibus ornare nunc, autem.&#8221;<\/div><div class=\"uagb-tm__meta-inner\"><div class=\"uagb-tm__image-content\"><div class=\"uagb-tm__image\"><img decoding=\"async\" class=\"uagb-tm-img-src\" src=\"http:\/\/store.becoartes.com\/wp-content\/uploads\/2019\/06\/client3-free-img.png\" alt=\"\" width=\"60\" height=\"60\" loading=\"lazy\"\/><\/div><\/div><div class=\"uagb-testimonial-details\"><span class=\"uagb-tm__author-name\">Jessica Foxx\u200b<\/span><span class=\"uagb-tm__company\"><\/span><\/div><\/div><\/div><\/div><\/div><\/div><\/div>\n<\/div>\n\n\n\n<div class=\"wp-block-uagb-container uagb-block-b152271b\">\n<div class=\"wp-block-uagb-star-rating uagb-block-e5ed8eb1\"><div class=\"uag-star-rating\" title=\"5\/5\"><span class=\"uag-star\">\u2605<\/span><span class=\"uag-star\">\u2605<\/span><span class=\"uag-star\">\u2605<\/span><span class=\"uag-star\">\u2605<\/span><span class=\"uag-star\">\u2605<\/span><\/div><\/div>\n\n\n\n<div class=\"wp-block-uagb-testimonial uagb-slick-carousel uagb-tm__arrow-outside uagb-block-5f908198 uagb-post__carousel_equal-height uagb-post__carousel_notset uagb-post__carousel_notset-tablet uagb-post__carousel_notset-mobile\"><div class=\"is-carousel uagb-tm__columns-1 uagb-tm__items\"><div class=\"uagb-testimonial__wrap  uagb-tm__imgicon-style-circle uagb-tm__image-position-bottom uagb-tm__bg-type-none\"><div class=\"uagb-tm__content\"><div class=\"uagb-tm__overlay\"><\/div><div class=\"uagb-tm__text-wrap\"><div class=\"uagb-tm__desc\">&#8220;Lectus, nonummy et. Occaecat delectus erat, minima dapibus ornare nunc, autem.&#8221;<\/div><div class=\"uagb-tm__meta-inner\"><div class=\"uagb-tm__image-content\"><div class=\"uagb-tm__image\"><img decoding=\"async\" class=\"uagb-tm-img-src\" src=\"http:\/\/store.becoartes.com\/wp-content\/uploads\/2019\/06\/client2-free-img.png\" alt=\"\" width=\"60\" height=\"60\" loading=\"lazy\"\/><\/div><\/div><div class=\"uagb-testimonial-details\"><span class=\"uagb-tm__author-name\">Lily Granger\u200b<\/span><span class=\"uagb-tm__company\"><\/span><\/div><\/div><\/div><\/div><\/div><\/div><\/div>\n<\/div>\n<\/div>\n<\/div><\/div>\n\n\n\n<div class=\"wp-block-uagb-container uagb-layout-flex uagb-block-1c190d4a alignfull uagb-is-root-container\"><div class=\"uagb-container-inner-blocks-wrap\">\n<div class=\"wp-block-uagb-container uagb-block-3db49a5d\">\n<div class=\"wp-block-uagb-advanced-heading uagb-block-f8d9ee59\"><h5 class=\"uagb-heading-text\">Featured In:<\/h5><\/div>\n<\/div>\n\n\n\n<div class=\"wp-block-uagb-container uagb-layout-grid uagb-block-7bd1dd13\">\n<div class=\"wp-block-uagb-image aligncenter uagb-block-512476bc wp-block-uagb-image--layout-default wp-block-uagb-image--effect-static wp-block-uagb-image--align-center\"><figure class=\"wp-block-uagb-image__figure\"><img decoding=\"async\" srcset=\"https:\/\/store.becoartes.com\/wp-content\/uploads\/2022\/06\/logo-2.png \" sizes=\"auto, (max-width: 480px) 150px\" src=\"https:\/\/store.becoartes.com\/wp-content\/uploads\/2022\/06\/logo-2.png\" alt=\"\" class=\"uag-image-2644\" width=\"116\" height=\"116\" title=\"\" loading=\"lazy\" role=\"img\"\/><\/figure><\/div>\n\n\n\n<div class=\"wp-block-uagb-image aligncenter uagb-block-ea9ce6e0 wp-block-uagb-image--layout-default wp-block-uagb-image--effect-static wp-block-uagb-image--align-center\"><figure class=\"wp-block-uagb-image__figure\"><img decoding=\"async\" srcset=\"https:\/\/store.becoartes.com\/wp-content\/uploads\/2022\/06\/logo-7.png \" sizes=\"auto, (max-width: 480px) 150px\" src=\"https:\/\/store.becoartes.com\/wp-content\/uploads\/2022\/06\/logo-7.png\" alt=\"\" class=\"uag-image-2645\" width=\"116\" height=\"116\" title=\"\" loading=\"lazy\" role=\"img\"\/><\/figure><\/div>\n\n\n\n<div class=\"wp-block-uagb-image aligncenter uagb-block-4ccb8a48 wp-block-uagb-image--layout-default wp-block-uagb-image--effect-static wp-block-uagb-image--align-center\"><figure class=\"wp-block-uagb-image__figure\"><img decoding=\"async\" srcset=\"https:\/\/store.becoartes.com\/wp-content\/uploads\/2022\/06\/logo-9.png \" sizes=\"auto, (max-width: 480px) 150px\" src=\"https:\/\/store.becoartes.com\/wp-content\/uploads\/2022\/06\/logo-9.png\" alt=\"\" class=\"uag-image-2646\" width=\"116\" height=\"116\" title=\"\" loading=\"lazy\" role=\"img\"\/><\/figure><\/div>\n\n\n\n<div class=\"wp-block-uagb-image aligncenter uagb-block-a2ca3b41 wp-block-uagb-image--layout-default wp-block-uagb-image--effect-static wp-block-uagb-image--align-center\"><figure class=\"wp-block-uagb-image__figure\"><img decoding=\"async\" srcset=\"https:\/\/store.becoartes.com\/wp-content\/uploads\/2022\/06\/logo-10.png \" sizes=\"auto, (max-width: 480px) 150px\" src=\"https:\/\/store.becoartes.com\/wp-content\/uploads\/2022\/06\/logo-10.png\" alt=\"\" class=\"uag-image-2647\" width=\"116\" height=\"116\" title=\"\" loading=\"lazy\" role=\"img\"\/><\/figure><\/div>\n\n\n\n<div class=\"wp-block-uagb-image aligncenter uagb-block-26c50c69 wp-block-uagb-image--layout-default wp-block-uagb-image--effect-static wp-block-uagb-image--align-center\"><figure class=\"wp-block-uagb-image__figure\"><img decoding=\"async\" srcset=\"https:\/\/store.becoartes.com\/wp-content\/uploads\/2022\/06\/logo-11.png \" sizes=\"auto, (max-width: 480px) 150px\" src=\"https:\/\/store.becoartes.com\/wp-content\/uploads\/2022\/06\/logo-11.png\" alt=\"\" class=\"uag-image-2648\" width=\"116\" height=\"116\" title=\"\" loading=\"lazy\" role=\"img\"\/><\/figure><\/div>\n<\/div>\n<\/div><\/div>\n\n\n\n<p><\/p>","protected":false},"excerpt":{"rendered":"<p>Our Featured Products Conhe\u00e7a nossa cole\u00e7\u00e3o Most Loved Products Our Happy Clients! Featured In:<\/p>","protected":false},"author":1,"featured_media":0,"parent":0,"menu_order":0,"comment_status":"closed","ping_status":"closed","template":"","meta":{"_uag_custom_page_level_css":"","site-sidebar-layout":"no-sidebar","site-content-layout":"plain-container","ast-site-content-layout":"full-width-container","site-content-style":"unboxed","site-sidebar-style":"unboxed","ast-global-header-display":"","ast-banner-title-visibility":"","ast-main-header-display":"","ast-hfb-above-header-display":"","ast-hfb-below-header-display":"","ast-hfb-mobile-header-display":"","site-post-title":"disabled","ast-breadcrumbs-content":"","ast-featured-img":"disabled","footer-sml-layout":"","theme-transparent-header-meta":"disabled","adv-header-id-meta":"","stick-header-meta":"","header-above-stick-meta":"","header-main-stick-meta":"","header-below-stick-meta":"","astra-migrate-meta-layouts":"set","ast-page-background-enabled":"default","ast-page-background-meta":{"desktop":{"background-color":"","background-image":"","background-repeat":"repeat","background-position":"center center","background-size":"auto","background-attachment":"scroll","background-type":"","background-media":"","overlay-type":"","overlay-color":"","overlay-opacity":"","overlay-gradient":""},"tablet":{"background-color":"","background-image":"","background-repeat":"repeat","background-position":"center center","background-size":"auto","background-attachment":"scroll","background-type":"","background-media":"","overlay-type":"","overlay-color":"","overlay-opacity":"","overlay-gradient":""},"mobile":{"background-color":"","background-image":"","background-repeat":"repeat","background-position":"center center","background-size":"auto","background-attachment":"scroll","background-type":"","background-media":"","overlay-type":"","overlay-color":"","overlay-opacity":"","overlay-gradient":""}},"ast-content-background-meta":{"desktop":{"background-color":"var(--ast-global-color-5)","background-image":"","background-repeat":"repeat","background-position":"center center","background-size":"auto","background-attachment":"scroll","background-type":"","background-media":"","overlay-type":"","overlay-color":"","overlay-opacity":"","overlay-gradient":""},"tablet":{"background-color":"var(--ast-global-color-5)","background-image":"","background-repeat":"repeat","background-position":"center center","background-size":"auto","background-attachment":"scroll","background-type":"","background-media":"","overlay-type":"","overlay-color":"","overlay-opacity":"","overlay-gradient":""},"mobile":{"background-color":"var(--ast-global-color-5)","background-image":"","background-repeat":"repeat","background-position":"center center","background-size":"auto","background-attachment":"scroll","background-type":"","background-media":"","overlay-type":"","overlay-color":"","overlay-opacity":"","overlay-gradient":""}},"footnotes":""},"class_list":["post-2089","page","type-page","status-publish","hentry"],"uagb_featured_image_src":{"full":false,"thumbnail":false,"medium":false,"medium_large":false,"large":false,"1536x1536":false,"2048x2048":false,"trp-custom-language-flag":false,"woocommerce_thumbnail":false,"woocommerce_single":false,"woocommerce_gallery_thumbnail":false},"uagb_author_info":{"display_name":"adm.becoartes@gmail.com","author_link":"https:\/\/store.becoartes.com\/pt\/author\/adm-becoartesgmail-com\/"},"uagb_comment_info":0,"uagb_excerpt":"Our Featured Products Conhe\u00e7a nossa cole\u00e7\u00e3o Most Loved Products Our Happy Clients! Featured In:","_links":{"self":[{"href":"https:\/\/store.becoartes.com\/pt\/wp-json\/wp\/v2\/pages\/2089","targetHints":{"allow":["GET"]}}],"collection":[{"href":"https:\/\/store.becoartes.com\/pt\/wp-json\/wp\/v2\/pages"}],"about":[{"href":"https:\/\/store.becoartes.com\/pt\/wp-json\/wp\/v2\/types\/page"}],"author":[{"embeddable":true,"href":"https:\/\/store.becoartes.com\/pt\/wp-json\/wp\/v2\/users\/1"}],"replies":[{"embeddable":true,"href":"https:\/\/store.becoartes.com\/pt\/wp-json\/wp\/v2\/comments?post=2089"}],"version-history":[{"count":10,"href":"https:\/\/store.becoartes.com\/pt\/wp-json\/wp\/v2\/pages\/2089\/revisions"}],"predecessor-version":[{"id":3802,"href":"https:\/\/store.becoartes.com\/pt\/wp-json\/wp\/v2\/pages\/2089\/revisions\/3802"}],"wp:attachment":[{"href":"https:\/\/store.becoartes.com\/pt\/wp-json\/wp\/v2\/media?parent=2089"}],"curies":[{"name":"wp","href":"https:\/\/api.w.org\/{rel}","templated":true}]}}